{"id":85,"date":"2021-08-13T10:20:07","date_gmt":"2021-08-13T08:20:07","guid":{"rendered":"https:\/\/imsa68.com\/?page_id=85"},"modified":"2021-08-13T10:20:07","modified_gmt":"2021-08-13T08:20:07","slug":"imagerie-contastee","status":"publish","type":"page","link":"https:\/\/imsa68.com\/?page_id=85","title":{"rendered":"Imagerie contast\u00e9e"},"content":{"rendered":"\n<p>En imagerie m\u00e9dicale, un produit (ou agent) de contraste est une substance qui augmente artificiellement le contraste permettant de visualiser une structure anatomique (par exemple, un organe) ou pathologique (par exemple, une tumeur) naturellement peu ou pas contrast\u00e9e, et que l&rsquo;on aurait donc du mal \u00e0 distinguer des tissus voisins.<\/p>\n","protected":false},"excerpt":{"rendered":"<p>En imagerie m\u00e9dicale, un produit (ou agent) de contraste est une substance qui augmente artificiellement le contraste permettant de visualiser une structure anatomique (par exemple, un organe) ou pathologique (par exemple, une tumeur) naturellement peu ou pas contrast\u00e9e, et que l&rsquo;on aurait donc du mal \u00e0 distinguer des tissus voisins.<\/p>\n","protected":false},"author":1,"featured_media":0,"parent":0,"menu_order":0,"comment_status":"closed","ping_status":"closed","template":"","meta":{"footnotes":""},"class_list":["post-85","page","type-page","status-publish","hentry"],"yoast_head":"<!-- This site is optimized with the Yoast SEO plugin v27.4 - https:\/\/yoast.com\/product\/yoast-seo-wordpress\/ -->\n<title>Imagerie contast\u00e9e - Imagerie M\u00e9dicale Sud Alsace 68 Cernay-Issenheim<\/title>\n<meta name=\"robots\" content=\"index, follow, max-snippet:-1, max-image-preview:large, max-video-preview:-1\" \/>\n<link rel=\"canonical\" href=\"https:\/\/imsa68.com\/?page_id=85\" \/>\n<meta property=\"og:locale\" content=\"fr_FR\" \/>\n<meta property=\"og:type\" content=\"article\" \/>\n<meta property=\"og:title\" content=\"Imagerie contast\u00e9e - Imagerie M\u00e9dicale Sud Alsace 68 Cernay-Issenheim\" \/>\n<meta property=\"og:description\" content=\"En imagerie m\u00e9dicale, un produit (ou agent) de contraste est une substance qui augmente artificiellement le contraste permettant de visualiser une structure anatomique (par exemple, un organe) ou pathologique (par exemple, une tumeur) naturellement peu ou pas contrast\u00e9e, et que l&rsquo;on aurait donc du mal \u00e0 distinguer des tissus voisins.\" \/>\n<meta property=\"og:url\" content=\"https:\/\/imsa68.com\/?page_id=85\" \/>\n<meta property=\"og:site_name\" content=\"Imagerie M\u00e9dicale Sud Alsace 68 Cernay-Issenheim\" \/>\n<meta name=\"twitter:card\" content=\"summary_large_image\" \/>\n<script type=\"application\/ld+json\" class=\"yoast-schema-graph\">{\"@context\":\"https:\\\/\\\/schema.org\",\"@graph\":[{\"@type\":\"WebPage\",\"@id\":\"https:\\\/\\\/imsa68.com\\\/?page_id=85\",\"url\":\"https:\\\/\\\/imsa68.com\\\/?page_id=85\",\"name\":\"Imagerie contast\u00e9e - Imagerie M\u00e9dicale Sud Alsace 68 Cernay-Issenheim\",\"isPartOf\":{\"@id\":\"https:\\\/\\\/imsa68.com\\\/#website\"},\"datePublished\":\"2021-08-13T08:20:07+00:00\",\"breadcrumb\":{\"@id\":\"https:\\\/\\\/imsa68.com\\\/?page_id=85#breadcrumb\"},\"inLanguage\":\"fr-FR\",\"potentialAction\":[{\"@type\":\"ReadAction\",\"target\":[\"https:\\\/\\\/imsa68.com\\\/?page_id=85\"]}]},{\"@type\":\"BreadcrumbList\",\"@id\":\"https:\\\/\\\/imsa68.com\\\/?page_id=85#breadcrumb\",\"itemListElement\":[{\"@type\":\"ListItem\",\"position\":1,\"name\":\"Accueil\",\"item\":\"https:\\\/\\\/imsa68.com\\\/\"},{\"@type\":\"ListItem\",\"position\":2,\"name\":\"Imagerie contast\u00e9e\"}]},{\"@type\":\"WebSite\",\"@id\":\"https:\\\/\\\/imsa68.com\\\/#website\",\"url\":\"https:\\\/\\\/imsa68.com\\\/\",\"name\":\"Imagerie M\u00e9dicale Sud Alsace 68 Cernay-Issenheim\",\"description\":\"Radiologie Cernay Issenheim, Haut-Rhin\",\"potentialAction\":[{\"@type\":\"SearchAction\",\"target\":{\"@type\":\"EntryPoint\",\"urlTemplate\":\"https:\\\/\\\/imsa68.com\\\/?s={search_term_string}\"},\"query-input\":{\"@type\":\"PropertyValueSpecification\",\"valueRequired\":true,\"valueName\":\"search_term_string\"}}],\"inLanguage\":\"fr-FR\"}]}<\/script>\n<!-- \/ Yoast SEO plugin. -->","yoast_head_json":{"title":"Imagerie contast\u00e9e - Imagerie M\u00e9dicale Sud Alsace 68 Cernay-Issenheim","robots":{"index":"index","follow":"follow","max-snippet":"max-snippet:-1","max-image-preview":"max-image-preview:large","max-video-preview":"max-video-preview:-1"},"canonical":"https:\/\/imsa68.com\/?page_id=85","og_locale":"fr_FR","og_type":"article","og_title":"Imagerie contast\u00e9e - Imagerie M\u00e9dicale Sud Alsace 68 Cernay-Issenheim","og_description":"En imagerie m\u00e9dicale, un produit (ou agent) de contraste est une substance qui augmente artificiellement le contraste permettant de visualiser une structure anatomique (par exemple, un organe) ou pathologique (par exemple, une tumeur) naturellement peu ou pas contrast\u00e9e, et que l&rsquo;on aurait donc du mal \u00e0 distinguer des tissus voisins.","og_url":"https:\/\/imsa68.com\/?page_id=85","og_site_name":"Imagerie M\u00e9dicale Sud Alsace 68 Cernay-Issenheim","twitter_card":"summary_large_image","schema":{"@context":"https:\/\/schema.org","@graph":[{"@type":"WebPage","@id":"https:\/\/imsa68.com\/?page_id=85","url":"https:\/\/imsa68.com\/?page_id=85","name":"Imagerie contast\u00e9e - Imagerie M\u00e9dicale Sud Alsace 68 Cernay-Issenheim","isPartOf":{"@id":"https:\/\/imsa68.com\/#website"},"datePublished":"2021-08-13T08:20:07+00:00","breadcrumb":{"@id":"https:\/\/imsa68.com\/?page_id=85#breadcrumb"},"inLanguage":"fr-FR","potentialAction":[{"@type":"ReadAction","target":["https:\/\/imsa68.com\/?page_id=85"]}]},{"@type":"BreadcrumbList","@id":"https:\/\/imsa68.com\/?page_id=85#breadcrumb","itemListElement":[{"@type":"ListItem","position":1,"name":"Accueil","item":"https:\/\/imsa68.com\/"},{"@type":"ListItem","position":2,"name":"Imagerie contast\u00e9e"}]},{"@type":"WebSite","@id":"https:\/\/imsa68.com\/#website","url":"https:\/\/imsa68.com\/","name":"Imagerie M\u00e9dicale Sud Alsace 68 Cernay-Issenheim","description":"Radiologie Cernay Issenheim, Haut-Rhin","potentialAction":[{"@type":"SearchAction","target":{"@type":"EntryPoint","urlTemplate":"https:\/\/imsa68.com\/?s={search_term_string}"},"query-input":{"@type":"PropertyValueSpecification","valueRequired":true,"valueName":"search_term_string"}}],"inLanguage":"fr-FR"}]}},"_links":{"self":[{"href":"https:\/\/imsa68.com\/index.php?rest_route=\/wp\/v2\/pages\/85","targetHints":{"allow":["GET"]}}],"collection":[{"href":"https:\/\/imsa68.com\/index.php?rest_route=\/wp\/v2\/pages"}],"about":[{"href":"https:\/\/imsa68.com\/index.php?rest_route=\/wp\/v2\/types\/page"}],"author":[{"embeddable":true,"href":"https:\/\/imsa68.com\/index.php?rest_route=\/wp\/v2\/users\/1"}],"replies":[{"embeddable":true,"href":"https:\/\/imsa68.com\/index.php?rest_route=%2Fwp%2Fv2%2Fcomments&post=85"}],"version-history":[{"count":1,"href":"https:\/\/imsa68.com\/index.php?rest_route=\/wp\/v2\/pages\/85\/revisions"}],"predecessor-version":[{"id":86,"href":"https:\/\/imsa68.com\/index.php?rest_route=\/wp\/v2\/pages\/85\/revisions\/86"}],"wp:attachment":[{"href":"https:\/\/imsa68.com\/index.php?rest_route=%2Fwp%2Fv2%2Fmedia&parent=85"}],"curies":[{"name":"wp","href":"https:\/\/api.w.org\/{rel}","templated":true}]}}