{"id":83,"date":"2021-08-13T10:18:14","date_gmt":"2021-08-13T08:18:14","guid":{"rendered":"https:\/\/imsa68.com\/?page_id=83"},"modified":"2022-04-28T15:06:15","modified_gmt":"2022-04-28T13:06:15","slug":"osteodensitometrie","status":"publish","type":"page","link":"https:\/\/imsa68.com\/?page_id=83","title":{"rendered":"Ost\u00e9odensitom\u00e9trie"},"content":{"rendered":"\n<p>L\u2019ost\u00e9odensitom\u00e9trie ou \u00ab densitom\u00e9trie osseuse \u00bb ou \u00ab absorptiom\u00e9trie biphotonique \u00bb est un examen m\u00e9dical permettant de mesurer la densit\u00e9 osseuse, autrement dit la teneur en calcium des os. Lorsque cette derni\u00e8re est anormalement basse, on parle d\u2019ost\u00e9oporose. Les r\u00e9sultats de cet examen permettent d\u2019\u00e9valuer le risque de fracture.<\/p>\n\n\n\n<figure class=\"wp-block-image size-full\"><img loading=\"lazy\" decoding=\"async\" width=\"398\" height=\"265\" src=\"http:\/\/imsa68.com\/wp-content\/uploads\/2022\/04\/echo-2.jpg\" alt=\"\" class=\"wp-image-160\" srcset=\"https:\/\/imsa68.com\/wp-content\/uploads\/2022\/04\/echo-2.jpg 398w, https:\/\/imsa68.com\/wp-content\/uploads\/2022\/04\/echo-2-300x200.jpg 300w\" sizes=\"auto, (max-width: 398px) 100vw, 398px\" \/><\/figure>\n","protected":false},"excerpt":{"rendered":"<p>L\u2019ost\u00e9odensitom\u00e9trie ou \u00ab densitom\u00e9trie osseuse \u00bb ou \u00ab absorptiom\u00e9trie biphotonique \u00bb est un examen m\u00e9dical permettant de mesurer la densit\u00e9 osseuse, autrement dit la teneur en calcium des os. Lorsque cette derni\u00e8re est anormalement basse, on parle d\u2019ost\u00e9oporose. Les r\u00e9sultats de cet examen permettent d\u2019\u00e9valuer le risque de fracture.<\/p>\n","protected":false},"author":1,"featured_media":0,"parent":0,"menu_order":0,"comment_status":"closed","ping_status":"closed","template":"","meta":{"footnotes":""},"class_list":["post-83","page","type-page","status-publish","hentry"],"yoast_head":"<!-- This site is optimized with the Yoast SEO plugin v27.4 - https:\/\/yoast.com\/product\/yoast-seo-wordpress\/ -->\n<title>Ost\u00e9odensitom\u00e9trie - Imagerie M\u00e9dicale Sud Alsace 68 Cernay-Issenheim<\/title>\n<meta name=\"robots\" content=\"index, follow, max-snippet:-1, max-image-preview:large, max-video-preview:-1\" \/>\n<link rel=\"canonical\" href=\"http:\/\/imsa68.com\/?page_id=83\" \/>\n<meta property=\"og:locale\" content=\"fr_FR\" \/>\n<meta property=\"og:type\" content=\"article\" \/>\n<meta property=\"og:title\" content=\"Ost\u00e9odensitom\u00e9trie - Imagerie M\u00e9dicale Sud Alsace 68 Cernay-Issenheim\" \/>\n<meta property=\"og:description\" content=\"L\u2019ost\u00e9odensitom\u00e9trie ou \u00ab densitom\u00e9trie osseuse \u00bb ou \u00ab absorptiom\u00e9trie biphotonique \u00bb est un examen m\u00e9dical permettant de mesurer la densit\u00e9 osseuse, autrement dit la teneur en calcium des os. Lorsque cette derni\u00e8re est anormalement basse, on parle d\u2019ost\u00e9oporose. Les r\u00e9sultats de cet examen permettent d\u2019\u00e9valuer le risque de fracture.\" \/>\n<meta property=\"og:url\" content=\"http:\/\/imsa68.com\/?page_id=83\" \/>\n<meta property=\"og:site_name\" content=\"Imagerie M\u00e9dicale Sud Alsace 68 Cernay-Issenheim\" \/>\n<meta property=\"article:modified_time\" content=\"2022-04-28T13:06:15+00:00\" \/>\n<meta property=\"og:image\" content=\"http:\/\/imsa68.com\/wp-content\/uploads\/2022\/04\/echo-2.jpg\" \/>\n<meta name=\"twitter:card\" content=\"summary_large_image\" \/>\n<script type=\"application\/ld+json\" class=\"yoast-schema-graph\">{\"@context\":\"https:\\\/\\\/schema.org\",\"@graph\":[{\"@type\":\"WebPage\",\"@id\":\"http:\\\/\\\/imsa68.com\\\/?page_id=83\",\"url\":\"http:\\\/\\\/imsa68.com\\\/?page_id=83\",\"name\":\"Ost\u00e9odensitom\u00e9trie - Imagerie M\u00e9dicale Sud Alsace 68 Cernay-Issenheim\",\"isPartOf\":{\"@id\":\"https:\\\/\\\/imsa68.com\\\/#website\"},\"primaryImageOfPage\":{\"@id\":\"http:\\\/\\\/imsa68.com\\\/?page_id=83#primaryimage\"},\"image\":{\"@id\":\"http:\\\/\\\/imsa68.com\\\/?page_id=83#primaryimage\"},\"thumbnailUrl\":\"http:\\\/\\\/imsa68.com\\\/wp-content\\\/uploads\\\/2022\\\/04\\\/echo-2.jpg\",\"datePublished\":\"2021-08-13T08:18:14+00:00\",\"dateModified\":\"2022-04-28T13:06:15+00:00\",\"breadcrumb\":{\"@id\":\"http:\\\/\\\/imsa68.com\\\/?page_id=83#breadcrumb\"},\"inLanguage\":\"fr-FR\",\"potentialAction\":[{\"@type\":\"ReadAction\",\"target\":[\"http:\\\/\\\/imsa68.com\\\/?page_id=83\"]}]},{\"@type\":\"ImageObject\",\"inLanguage\":\"fr-FR\",\"@id\":\"http:\\\/\\\/imsa68.com\\\/?page_id=83#primaryimage\",\"url\":\"https:\\\/\\\/imsa68.com\\\/wp-content\\\/uploads\\\/2022\\\/04\\\/echo-2.jpg\",\"contentUrl\":\"https:\\\/\\\/imsa68.com\\\/wp-content\\\/uploads\\\/2022\\\/04\\\/echo-2.jpg\",\"width\":398,\"height\":265},{\"@type\":\"BreadcrumbList\",\"@id\":\"http:\\\/\\\/imsa68.com\\\/?page_id=83#breadcrumb\",\"itemListElement\":[{\"@type\":\"ListItem\",\"position\":1,\"name\":\"Accueil\",\"item\":\"https:\\\/\\\/imsa68.com\\\/\"},{\"@type\":\"ListItem\",\"position\":2,\"name\":\"Ost\u00e9odensitom\u00e9trie\"}]},{\"@type\":\"WebSite\",\"@id\":\"https:\\\/\\\/imsa68.com\\\/#website\",\"url\":\"https:\\\/\\\/imsa68.com\\\/\",\"name\":\"Imagerie M\u00e9dicale Sud Alsace 68 Cernay-Issenheim\",\"description\":\"Radiologie Cernay Issenheim, Haut-Rhin\",\"potentialAction\":[{\"@type\":\"SearchAction\",\"target\":{\"@type\":\"EntryPoint\",\"urlTemplate\":\"https:\\\/\\\/imsa68.com\\\/?s={search_term_string}\"},\"query-input\":{\"@type\":\"PropertyValueSpecification\",\"valueRequired\":true,\"valueName\":\"search_term_string\"}}],\"inLanguage\":\"fr-FR\"}]}<\/script>\n<!-- \/ Yoast SEO plugin. -->","yoast_head_json":{"title":"Ost\u00e9odensitom\u00e9trie - Imagerie M\u00e9dicale Sud Alsace 68 Cernay-Issenheim","robots":{"index":"index","follow":"follow","max-snippet":"max-snippet:-1","max-image-preview":"max-image-preview:large","max-video-preview":"max-video-preview:-1"},"canonical":"http:\/\/imsa68.com\/?page_id=83","og_locale":"fr_FR","og_type":"article","og_title":"Ost\u00e9odensitom\u00e9trie - Imagerie M\u00e9dicale Sud Alsace 68 Cernay-Issenheim","og_description":"L\u2019ost\u00e9odensitom\u00e9trie ou \u00ab densitom\u00e9trie osseuse \u00bb ou \u00ab absorptiom\u00e9trie biphotonique \u00bb est un examen m\u00e9dical permettant de mesurer la densit\u00e9 osseuse, autrement dit la teneur en calcium des os. Lorsque cette derni\u00e8re est anormalement basse, on parle d\u2019ost\u00e9oporose. Les r\u00e9sultats de cet examen permettent d\u2019\u00e9valuer le risque de fracture.","og_url":"http:\/\/imsa68.com\/?page_id=83","og_site_name":"Imagerie M\u00e9dicale Sud Alsace 68 Cernay-Issenheim","article_modified_time":"2022-04-28T13:06:15+00:00","og_image":[{"url":"http:\/\/imsa68.com\/wp-content\/uploads\/2022\/04\/echo-2.jpg","type":"","width":"","height":""}],"twitter_card":"summary_large_image","schema":{"@context":"https:\/\/schema.org","@graph":[{"@type":"WebPage","@id":"http:\/\/imsa68.com\/?page_id=83","url":"http:\/\/imsa68.com\/?page_id=83","name":"Ost\u00e9odensitom\u00e9trie - Imagerie M\u00e9dicale Sud Alsace 68 Cernay-Issenheim","isPartOf":{"@id":"https:\/\/imsa68.com\/#website"},"primaryImageOfPage":{"@id":"http:\/\/imsa68.com\/?page_id=83#primaryimage"},"image":{"@id":"http:\/\/imsa68.com\/?page_id=83#primaryimage"},"thumbnailUrl":"http:\/\/imsa68.com\/wp-content\/uploads\/2022\/04\/echo-2.jpg","datePublished":"2021-08-13T08:18:14+00:00","dateModified":"2022-04-28T13:06:15+00:00","breadcrumb":{"@id":"http:\/\/imsa68.com\/?page_id=83#breadcrumb"},"inLanguage":"fr-FR","potentialAction":[{"@type":"ReadAction","target":["http:\/\/imsa68.com\/?page_id=83"]}]},{"@type":"ImageObject","inLanguage":"fr-FR","@id":"http:\/\/imsa68.com\/?page_id=83#primaryimage","url":"https:\/\/imsa68.com\/wp-content\/uploads\/2022\/04\/echo-2.jpg","contentUrl":"https:\/\/imsa68.com\/wp-content\/uploads\/2022\/04\/echo-2.jpg","width":398,"height":265},{"@type":"BreadcrumbList","@id":"http:\/\/imsa68.com\/?page_id=83#breadcrumb","itemListElement":[{"@type":"ListItem","position":1,"name":"Accueil","item":"https:\/\/imsa68.com\/"},{"@type":"ListItem","position":2,"name":"Ost\u00e9odensitom\u00e9trie"}]},{"@type":"WebSite","@id":"https:\/\/imsa68.com\/#website","url":"https:\/\/imsa68.com\/","name":"Imagerie M\u00e9dicale Sud Alsace 68 Cernay-Issenheim","description":"Radiologie Cernay Issenheim, Haut-Rhin","potentialAction":[{"@type":"SearchAction","target":{"@type":"EntryPoint","urlTemplate":"https:\/\/imsa68.com\/?s={search_term_string}"},"query-input":{"@type":"PropertyValueSpecification","valueRequired":true,"valueName":"search_term_string"}}],"inLanguage":"fr-FR"}]}},"_links":{"self":[{"href":"https:\/\/imsa68.com\/index.php?rest_route=\/wp\/v2\/pages\/83","targetHints":{"allow":["GET"]}}],"collection":[{"href":"https:\/\/imsa68.com\/index.php?rest_route=\/wp\/v2\/pages"}],"about":[{"href":"https:\/\/imsa68.com\/index.php?rest_route=\/wp\/v2\/types\/page"}],"author":[{"embeddable":true,"href":"https:\/\/imsa68.com\/index.php?rest_route=\/wp\/v2\/users\/1"}],"replies":[{"embeddable":true,"href":"https:\/\/imsa68.com\/index.php?rest_route=%2Fwp%2Fv2%2Fcomments&post=83"}],"version-history":[{"count":2,"href":"https:\/\/imsa68.com\/index.php?rest_route=\/wp\/v2\/pages\/83\/revisions"}],"predecessor-version":[{"id":161,"href":"https:\/\/imsa68.com\/index.php?rest_route=\/wp\/v2\/pages\/83\/revisions\/161"}],"wp:attachment":[{"href":"https:\/\/imsa68.com\/index.php?rest_route=%2Fwp%2Fv2%2Fmedia&parent=83"}],"curies":[{"name":"wp","href":"https:\/\/api.w.org\/{rel}","templated":true}]}}