{"id":75,"date":"2021-08-13T10:13:05","date_gmt":"2021-08-13T08:13:05","guid":{"rendered":"https:\/\/imsa68.com\/?page_id=75"},"modified":"2025-01-22T11:58:45","modified_gmt":"2025-01-22T10:58:45","slug":"scanner","status":"publish","type":"page","link":"https:\/\/imsa68.com\/?page_id=75","title":{"rendered":"Scanner"},"content":{"rendered":"\n<p>Un scanner est un appareil d&rsquo;imagerie m\u00e9dicale qui utilise des rayons X. L&rsquo;examen r\u00e9alis\u00e9 s&rsquo;appelle par analogie un scanner ou un examen tomodensitom\u00e9trique (TDM). Le scanner permet de r\u00e9aliser une exploration de l&rsquo;ensemble du corps humain.<\/p>\n\n\n\n<figure class=\"wp-block-image size-full\"><img loading=\"lazy\" decoding=\"async\" width=\"417\" height=\"278\" src=\"http:\/\/imsa68.com\/wp-content\/uploads\/2022\/04\/scanner.jpg\" alt=\"\" class=\"wp-image-149\" srcset=\"https:\/\/imsa68.com\/wp-content\/uploads\/2022\/04\/scanner.jpg 417w, https:\/\/imsa68.com\/wp-content\/uploads\/2022\/04\/scanner-300x200.jpg 300w\" sizes=\"auto, (max-width: 417px) 100vw, 417px\" \/><\/figure>\n\n\n\n<p>La prise de rendez-vous pour les scanner se fait au cabinet.<\/p>\n\n\n\n<p>Pour pr\u00e9parer cette prise de rendez-vous, vous pouvez d&rsquo;ores et d\u00e9j\u00e0 imprimer et remplir le formulaire suivant :<\/p>\n\n\n\n<figure class=\"wp-block-table is-style-stripes\"><table><tbody><tr><td><a href=\"http:\/\/imsa68.com\/wp-content\/uploads\/2023\/09\/IMSA68_Questionnaire_Scanner.pdf\" target=\"_blank\" rel=\"noreferrer noopener\"><img loading=\"lazy\" decoding=\"async\" src=\"https:\/\/imsa68.com\/wp-content\/uploads\/2023\/09\/questionnaire01.png\" alt=\"\" width=\"63\" height=\"63\"><\/a><\/td><td><a href=\"http:\/\/imsa68.com\/wp-content\/uploads\/2023\/09\/IMSA68_Questionnaire_Scanner.pdf\" target=\"_blank\" rel=\"noreferrer noopener nofollow\">Questionnaire_Scanner PDF<\/a><\/td><\/tr><\/tbody><\/table><\/figure>\n\n\n\n<p>Ainsi que le protocole :<\/p>\n\n\n\n<figure class=\"wp-block-table is-style-stripes\"><table><tbody><tr><td><a href=\"http:\/\/imsa68.com\/wp-content\/uploads\/2023\/09\/IMSA68_Questionnaire_Scanner.pdf\" target=\"_blank\" rel=\"noreferrer noopener\"><img loading=\"lazy\" decoding=\"async\" src=\"https:\/\/imsa68.com\/wp-content\/uploads\/2023\/09\/questionnaire01.png\" alt=\"\" width=\"63\" height=\"63\"><\/a><\/td><td><a href=\"http:\/\/imsa68.com\/wp-content\/uploads\/2025\/01\/IMSA_Protocole_IRM-Scanner.pdf\" target=\"_blank\" rel=\"noreferrer noopener nofollow\">Protocole_Scanner PDF<\/a><\/td><\/tr><\/tbody><\/table><\/figure>\n","protected":false},"excerpt":{"rendered":"<p>Un scanner est un appareil d&rsquo;imagerie m\u00e9dicale qui utilise des rayons X. L&rsquo;examen r\u00e9alis\u00e9 s&rsquo;appelle par analogie un scanner ou un examen tomodensitom\u00e9trique (TDM). Le scanner permet de r\u00e9aliser une exploration de l&rsquo;ensemble du corps humain. La prise de rendez-vous pour les scanner se fait au cabinet. Pour pr\u00e9parer cette prise de rendez-vous, vous pouvez [&hellip;]<\/p>\n","protected":false},"author":1,"featured_media":0,"parent":0,"menu_order":0,"comment_status":"closed","ping_status":"closed","template":"","meta":{"footnotes":""},"class_list":["post-75","page","type-page","status-publish","hentry"],"yoast_head":"<!-- This site is optimized with the Yoast SEO plugin v27.4 - https:\/\/yoast.com\/product\/yoast-seo-wordpress\/ -->\n<title>Scanner - Imagerie M\u00e9dicale Sud Alsace 68 Cernay-Issenheim<\/title>\n<meta name=\"robots\" content=\"index, follow, max-snippet:-1, max-image-preview:large, max-video-preview:-1\" \/>\n<link rel=\"canonical\" href=\"http:\/\/imsa68.com\/?page_id=75\" \/>\n<meta property=\"og:locale\" content=\"fr_FR\" \/>\n<meta property=\"og:type\" content=\"article\" \/>\n<meta property=\"og:title\" content=\"Scanner - Imagerie M\u00e9dicale Sud Alsace 68 Cernay-Issenheim\" \/>\n<meta property=\"og:description\" content=\"Un scanner est un appareil d&rsquo;imagerie m\u00e9dicale qui utilise des rayons X. L&rsquo;examen r\u00e9alis\u00e9 s&rsquo;appelle par analogie un scanner ou un examen tomodensitom\u00e9trique (TDM). Le scanner permet de r\u00e9aliser une exploration de l&rsquo;ensemble du corps humain. La prise de rendez-vous pour les scanner se fait au cabinet. Pour pr\u00e9parer cette prise de rendez-vous, vous pouvez [&hellip;]\" \/>\n<meta property=\"og:url\" content=\"http:\/\/imsa68.com\/?page_id=75\" \/>\n<meta property=\"og:site_name\" content=\"Imagerie M\u00e9dicale Sud Alsace 68 Cernay-Issenheim\" \/>\n<meta property=\"article:modified_time\" content=\"2025-01-22T10:58:45+00:00\" \/>\n<meta property=\"og:image\" content=\"http:\/\/imsa68.com\/wp-content\/uploads\/2022\/04\/scanner.jpg\" \/>\n<meta name=\"twitter:card\" content=\"summary_large_image\" \/>\n<meta name=\"twitter:label1\" content=\"Dur\u00e9e de lecture estim\u00e9e\" \/>\n\t<meta name=\"twitter:data1\" content=\"1 minute\" \/>\n<script type=\"application\/ld+json\" class=\"yoast-schema-graph\">{\"@context\":\"https:\\\/\\\/schema.org\",\"@graph\":[{\"@type\":\"WebPage\",\"@id\":\"http:\\\/\\\/imsa68.com\\\/?page_id=75\",\"url\":\"http:\\\/\\\/imsa68.com\\\/?page_id=75\",\"name\":\"Scanner - Imagerie M\u00e9dicale Sud Alsace 68 Cernay-Issenheim\",\"isPartOf\":{\"@id\":\"https:\\\/\\\/imsa68.com\\\/#website\"},\"primaryImageOfPage\":{\"@id\":\"http:\\\/\\\/imsa68.com\\\/?page_id=75#primaryimage\"},\"image\":{\"@id\":\"http:\\\/\\\/imsa68.com\\\/?page_id=75#primaryimage\"},\"thumbnailUrl\":\"http:\\\/\\\/imsa68.com\\\/wp-content\\\/uploads\\\/2022\\\/04\\\/scanner.jpg\",\"datePublished\":\"2021-08-13T08:13:05+00:00\",\"dateModified\":\"2025-01-22T10:58:45+00:00\",\"breadcrumb\":{\"@id\":\"http:\\\/\\\/imsa68.com\\\/?page_id=75#breadcrumb\"},\"inLanguage\":\"fr-FR\",\"potentialAction\":[{\"@type\":\"ReadAction\",\"target\":[\"http:\\\/\\\/imsa68.com\\\/?page_id=75\"]}]},{\"@type\":\"ImageObject\",\"inLanguage\":\"fr-FR\",\"@id\":\"http:\\\/\\\/imsa68.com\\\/?page_id=75#primaryimage\",\"url\":\"https:\\\/\\\/imsa68.com\\\/wp-content\\\/uploads\\\/2022\\\/04\\\/scanner.jpg\",\"contentUrl\":\"https:\\\/\\\/imsa68.com\\\/wp-content\\\/uploads\\\/2022\\\/04\\\/scanner.jpg\",\"width\":417,\"height\":278},{\"@type\":\"BreadcrumbList\",\"@id\":\"http:\\\/\\\/imsa68.com\\\/?page_id=75#breadcrumb\",\"itemListElement\":[{\"@type\":\"ListItem\",\"position\":1,\"name\":\"Accueil\",\"item\":\"https:\\\/\\\/imsa68.com\\\/\"},{\"@type\":\"ListItem\",\"position\":2,\"name\":\"Scanner\"}]},{\"@type\":\"WebSite\",\"@id\":\"https:\\\/\\\/imsa68.com\\\/#website\",\"url\":\"https:\\\/\\\/imsa68.com\\\/\",\"name\":\"Imagerie M\u00e9dicale Sud Alsace 68 Cernay-Issenheim\",\"description\":\"Radiologie Cernay Issenheim, Haut-Rhin\",\"potentialAction\":[{\"@type\":\"SearchAction\",\"target\":{\"@type\":\"EntryPoint\",\"urlTemplate\":\"https:\\\/\\\/imsa68.com\\\/?s={search_term_string}\"},\"query-input\":{\"@type\":\"PropertyValueSpecification\",\"valueRequired\":true,\"valueName\":\"search_term_string\"}}],\"inLanguage\":\"fr-FR\"}]}<\/script>\n<!-- \/ Yoast SEO plugin. -->","yoast_head_json":{"title":"Scanner - Imagerie M\u00e9dicale Sud Alsace 68 Cernay-Issenheim","robots":{"index":"index","follow":"follow","max-snippet":"max-snippet:-1","max-image-preview":"max-image-preview:large","max-video-preview":"max-video-preview:-1"},"canonical":"http:\/\/imsa68.com\/?page_id=75","og_locale":"fr_FR","og_type":"article","og_title":"Scanner - Imagerie M\u00e9dicale Sud Alsace 68 Cernay-Issenheim","og_description":"Un scanner est un appareil d&rsquo;imagerie m\u00e9dicale qui utilise des rayons X. L&rsquo;examen r\u00e9alis\u00e9 s&rsquo;appelle par analogie un scanner ou un examen tomodensitom\u00e9trique (TDM). Le scanner permet de r\u00e9aliser une exploration de l&rsquo;ensemble du corps humain. La prise de rendez-vous pour les scanner se fait au cabinet. Pour pr\u00e9parer cette prise de rendez-vous, vous pouvez [&hellip;]","og_url":"http:\/\/imsa68.com\/?page_id=75","og_site_name":"Imagerie M\u00e9dicale Sud Alsace 68 Cernay-Issenheim","article_modified_time":"2025-01-22T10:58:45+00:00","og_image":[{"url":"http:\/\/imsa68.com\/wp-content\/uploads\/2022\/04\/scanner.jpg","type":"","width":"","height":""}],"twitter_card":"summary_large_image","twitter_misc":{"Dur\u00e9e de lecture estim\u00e9e":"1 minute"},"schema":{"@context":"https:\/\/schema.org","@graph":[{"@type":"WebPage","@id":"http:\/\/imsa68.com\/?page_id=75","url":"http:\/\/imsa68.com\/?page_id=75","name":"Scanner - Imagerie M\u00e9dicale Sud Alsace 68 Cernay-Issenheim","isPartOf":{"@id":"https:\/\/imsa68.com\/#website"},"primaryImageOfPage":{"@id":"http:\/\/imsa68.com\/?page_id=75#primaryimage"},"image":{"@id":"http:\/\/imsa68.com\/?page_id=75#primaryimage"},"thumbnailUrl":"http:\/\/imsa68.com\/wp-content\/uploads\/2022\/04\/scanner.jpg","datePublished":"2021-08-13T08:13:05+00:00","dateModified":"2025-01-22T10:58:45+00:00","breadcrumb":{"@id":"http:\/\/imsa68.com\/?page_id=75#breadcrumb"},"inLanguage":"fr-FR","potentialAction":[{"@type":"ReadAction","target":["http:\/\/imsa68.com\/?page_id=75"]}]},{"@type":"ImageObject","inLanguage":"fr-FR","@id":"http:\/\/imsa68.com\/?page_id=75#primaryimage","url":"https:\/\/imsa68.com\/wp-content\/uploads\/2022\/04\/scanner.jpg","contentUrl":"https:\/\/imsa68.com\/wp-content\/uploads\/2022\/04\/scanner.jpg","width":417,"height":278},{"@type":"BreadcrumbList","@id":"http:\/\/imsa68.com\/?page_id=75#breadcrumb","itemListElement":[{"@type":"ListItem","position":1,"name":"Accueil","item":"https:\/\/imsa68.com\/"},{"@type":"ListItem","position":2,"name":"Scanner"}]},{"@type":"WebSite","@id":"https:\/\/imsa68.com\/#website","url":"https:\/\/imsa68.com\/","name":"Imagerie M\u00e9dicale Sud Alsace 68 Cernay-Issenheim","description":"Radiologie Cernay Issenheim, Haut-Rhin","potentialAction":[{"@type":"SearchAction","target":{"@type":"EntryPoint","urlTemplate":"https:\/\/imsa68.com\/?s={search_term_string}"},"query-input":{"@type":"PropertyValueSpecification","valueRequired":true,"valueName":"search_term_string"}}],"inLanguage":"fr-FR"}]}},"_links":{"self":[{"href":"https:\/\/imsa68.com\/index.php?rest_route=\/wp\/v2\/pages\/75","targetHints":{"allow":["GET"]}}],"collection":[{"href":"https:\/\/imsa68.com\/index.php?rest_route=\/wp\/v2\/pages"}],"about":[{"href":"https:\/\/imsa68.com\/index.php?rest_route=\/wp\/v2\/types\/page"}],"author":[{"embeddable":true,"href":"https:\/\/imsa68.com\/index.php?rest_route=\/wp\/v2\/users\/1"}],"replies":[{"embeddable":true,"href":"https:\/\/imsa68.com\/index.php?rest_route=%2Fwp%2Fv2%2Fcomments&post=75"}],"version-history":[{"count":11,"href":"https:\/\/imsa68.com\/index.php?rest_route=\/wp\/v2\/pages\/75\/revisions"}],"predecessor-version":[{"id":307,"href":"https:\/\/imsa68.com\/index.php?rest_route=\/wp\/v2\/pages\/75\/revisions\/307"}],"wp:attachment":[{"href":"https:\/\/imsa68.com\/index.php?rest_route=%2Fwp%2Fv2%2Fmedia&parent=75"}],"curies":[{"name":"wp","href":"https:\/\/api.w.org\/{rel}","templated":true}]}}