{"id":66,"date":"2021-08-13T10:09:08","date_gmt":"2021-08-13T08:09:08","guid":{"rendered":"https:\/\/imsa68.com\/?page_id=66"},"modified":"2022-06-01T11:56:14","modified_gmt":"2022-06-01T09:56:14","slug":"radiographie","status":"publish","type":"page","link":"https:\/\/imsa68.com\/?page_id=66","title":{"rendered":"Radiographie"},"content":{"rendered":"\n<p>La radiographie utilise les rayons X. Ils sont de la m\u00eame famille physique que les rayons lumineux. Ils traversent la mati\u00e8re et permettent l&rsquo;impression d&rsquo;un film radio.<\/p>\n\n\n\n<figure class=\"wp-block-image size-large\"><img loading=\"lazy\" decoding=\"async\" width=\"768\" height=\"1024\" src=\"http:\/\/imsa68.com\/wp-content\/uploads\/2022\/06\/table-radio-1-768x1024.jpg\" alt=\"\" class=\"wp-image-209\" srcset=\"https:\/\/imsa68.com\/wp-content\/uploads\/2022\/06\/table-radio-1-768x1024.jpg 768w, https:\/\/imsa68.com\/wp-content\/uploads\/2022\/06\/table-radio-1-225x300.jpg 225w, https:\/\/imsa68.com\/wp-content\/uploads\/2022\/06\/table-radio-1-1152x1536.jpg 1152w, https:\/\/imsa68.com\/wp-content\/uploads\/2022\/06\/table-radio-1-rotated.jpg 1512w\" sizes=\"auto, (max-width: 768px) 100vw, 768px\" \/><\/figure>\n","protected":false},"excerpt":{"rendered":"<p>La radiographie utilise les rayons X. Ils sont de la m\u00eame famille physique que les rayons lumineux. Ils traversent la mati\u00e8re et permettent l&rsquo;impression d&rsquo;un film radio.<\/p>\n","protected":false},"author":1,"featured_media":0,"parent":0,"menu_order":0,"comment_status":"closed","ping_status":"closed","template":"","meta":{"footnotes":""},"class_list":["post-66","page","type-page","status-publish","hentry"],"yoast_head":"<!-- This site is optimized with the Yoast SEO plugin v27.4 - https:\/\/yoast.com\/product\/yoast-seo-wordpress\/ -->\n<title>Radiographie - Imagerie M\u00e9dicale Sud Alsace 68 Cernay-Issenheim<\/title>\n<meta name=\"robots\" content=\"index, follow, max-snippet:-1, max-image-preview:large, max-video-preview:-1\" \/>\n<link rel=\"canonical\" href=\"https:\/\/imsa68.com\/?page_id=66\" \/>\n<meta property=\"og:locale\" content=\"fr_FR\" \/>\n<meta property=\"og:type\" content=\"article\" \/>\n<meta property=\"og:title\" content=\"Radiographie - Imagerie M\u00e9dicale Sud Alsace 68 Cernay-Issenheim\" \/>\n<meta property=\"og:description\" content=\"La radiographie utilise les rayons X. Ils sont de la m\u00eame famille physique que les rayons lumineux. Ils traversent la mati\u00e8re et permettent l&rsquo;impression d&rsquo;un film radio.\" \/>\n<meta property=\"og:url\" content=\"https:\/\/imsa68.com\/?page_id=66\" \/>\n<meta property=\"og:site_name\" content=\"Imagerie M\u00e9dicale Sud Alsace 68 Cernay-Issenheim\" \/>\n<meta property=\"article:modified_time\" content=\"2022-06-01T09:56:14+00:00\" \/>\n<meta property=\"og:image\" content=\"http:\/\/imsa68.com\/wp-content\/uploads\/2022\/06\/table-radio-1-768x1024.jpg\" \/>\n<meta name=\"twitter:card\" content=\"summary_large_image\" \/>\n<script type=\"application\/ld+json\" class=\"yoast-schema-graph\">{\"@context\":\"https:\\\/\\\/schema.org\",\"@graph\":[{\"@type\":\"WebPage\",\"@id\":\"https:\\\/\\\/imsa68.com\\\/?page_id=66\",\"url\":\"https:\\\/\\\/imsa68.com\\\/?page_id=66\",\"name\":\"Radiographie - Imagerie M\u00e9dicale Sud Alsace 68 Cernay-Issenheim\",\"isPartOf\":{\"@id\":\"https:\\\/\\\/imsa68.com\\\/#website\"},\"primaryImageOfPage\":{\"@id\":\"https:\\\/\\\/imsa68.com\\\/?page_id=66#primaryimage\"},\"image\":{\"@id\":\"https:\\\/\\\/imsa68.com\\\/?page_id=66#primaryimage\"},\"thumbnailUrl\":\"http:\\\/\\\/imsa68.com\\\/wp-content\\\/uploads\\\/2022\\\/06\\\/table-radio-1-768x1024.jpg\",\"datePublished\":\"2021-08-13T08:09:08+00:00\",\"dateModified\":\"2022-06-01T09:56:14+00:00\",\"breadcrumb\":{\"@id\":\"https:\\\/\\\/imsa68.com\\\/?page_id=66#breadcrumb\"},\"inLanguage\":\"fr-FR\",\"potentialAction\":[{\"@type\":\"ReadAction\",\"target\":[\"https:\\\/\\\/imsa68.com\\\/?page_id=66\"]}]},{\"@type\":\"ImageObject\",\"inLanguage\":\"fr-FR\",\"@id\":\"https:\\\/\\\/imsa68.com\\\/?page_id=66#primaryimage\",\"url\":\"http:\\\/\\\/imsa68.com\\\/wp-content\\\/uploads\\\/2022\\\/06\\\/table-radio-1-768x1024.jpg\",\"contentUrl\":\"http:\\\/\\\/imsa68.com\\\/wp-content\\\/uploads\\\/2022\\\/06\\\/table-radio-1-768x1024.jpg\"},{\"@type\":\"BreadcrumbList\",\"@id\":\"https:\\\/\\\/imsa68.com\\\/?page_id=66#breadcrumb\",\"itemListElement\":[{\"@type\":\"ListItem\",\"position\":1,\"name\":\"Accueil\",\"item\":\"https:\\\/\\\/imsa68.com\\\/\"},{\"@type\":\"ListItem\",\"position\":2,\"name\":\"Radiographie\"}]},{\"@type\":\"WebSite\",\"@id\":\"https:\\\/\\\/imsa68.com\\\/#website\",\"url\":\"https:\\\/\\\/imsa68.com\\\/\",\"name\":\"Imagerie M\u00e9dicale Sud Alsace 68 Cernay-Issenheim\",\"description\":\"Radiologie Cernay Issenheim, Haut-Rhin\",\"potentialAction\":[{\"@type\":\"SearchAction\",\"target\":{\"@type\":\"EntryPoint\",\"urlTemplate\":\"https:\\\/\\\/imsa68.com\\\/?s={search_term_string}\"},\"query-input\":{\"@type\":\"PropertyValueSpecification\",\"valueRequired\":true,\"valueName\":\"search_term_string\"}}],\"inLanguage\":\"fr-FR\"}]}<\/script>\n<!-- \/ Yoast SEO plugin. -->","yoast_head_json":{"title":"Radiographie - Imagerie M\u00e9dicale Sud Alsace 68 Cernay-Issenheim","robots":{"index":"index","follow":"follow","max-snippet":"max-snippet:-1","max-image-preview":"max-image-preview:large","max-video-preview":"max-video-preview:-1"},"canonical":"https:\/\/imsa68.com\/?page_id=66","og_locale":"fr_FR","og_type":"article","og_title":"Radiographie - Imagerie M\u00e9dicale Sud Alsace 68 Cernay-Issenheim","og_description":"La radiographie utilise les rayons X. Ils sont de la m\u00eame famille physique que les rayons lumineux. Ils traversent la mati\u00e8re et permettent l&rsquo;impression d&rsquo;un film radio.","og_url":"https:\/\/imsa68.com\/?page_id=66","og_site_name":"Imagerie M\u00e9dicale Sud Alsace 68 Cernay-Issenheim","article_modified_time":"2022-06-01T09:56:14+00:00","og_image":[{"url":"http:\/\/imsa68.com\/wp-content\/uploads\/2022\/06\/table-radio-1-768x1024.jpg","type":"","width":"","height":""}],"twitter_card":"summary_large_image","schema":{"@context":"https:\/\/schema.org","@graph":[{"@type":"WebPage","@id":"https:\/\/imsa68.com\/?page_id=66","url":"https:\/\/imsa68.com\/?page_id=66","name":"Radiographie - Imagerie M\u00e9dicale Sud Alsace 68 Cernay-Issenheim","isPartOf":{"@id":"https:\/\/imsa68.com\/#website"},"primaryImageOfPage":{"@id":"https:\/\/imsa68.com\/?page_id=66#primaryimage"},"image":{"@id":"https:\/\/imsa68.com\/?page_id=66#primaryimage"},"thumbnailUrl":"http:\/\/imsa68.com\/wp-content\/uploads\/2022\/06\/table-radio-1-768x1024.jpg","datePublished":"2021-08-13T08:09:08+00:00","dateModified":"2022-06-01T09:56:14+00:00","breadcrumb":{"@id":"https:\/\/imsa68.com\/?page_id=66#breadcrumb"},"inLanguage":"fr-FR","potentialAction":[{"@type":"ReadAction","target":["https:\/\/imsa68.com\/?page_id=66"]}]},{"@type":"ImageObject","inLanguage":"fr-FR","@id":"https:\/\/imsa68.com\/?page_id=66#primaryimage","url":"http:\/\/imsa68.com\/wp-content\/uploads\/2022\/06\/table-radio-1-768x1024.jpg","contentUrl":"http:\/\/imsa68.com\/wp-content\/uploads\/2022\/06\/table-radio-1-768x1024.jpg"},{"@type":"BreadcrumbList","@id":"https:\/\/imsa68.com\/?page_id=66#breadcrumb","itemListElement":[{"@type":"ListItem","position":1,"name":"Accueil","item":"https:\/\/imsa68.com\/"},{"@type":"ListItem","position":2,"name":"Radiographie"}]},{"@type":"WebSite","@id":"https:\/\/imsa68.com\/#website","url":"https:\/\/imsa68.com\/","name":"Imagerie M\u00e9dicale Sud Alsace 68 Cernay-Issenheim","description":"Radiologie Cernay Issenheim, Haut-Rhin","potentialAction":[{"@type":"SearchAction","target":{"@type":"EntryPoint","urlTemplate":"https:\/\/imsa68.com\/?s={search_term_string}"},"query-input":{"@type":"PropertyValueSpecification","valueRequired":true,"valueName":"search_term_string"}}],"inLanguage":"fr-FR"}]}},"_links":{"self":[{"href":"https:\/\/imsa68.com\/index.php?rest_route=\/wp\/v2\/pages\/66","targetHints":{"allow":["GET"]}}],"collection":[{"href":"https:\/\/imsa68.com\/index.php?rest_route=\/wp\/v2\/pages"}],"about":[{"href":"https:\/\/imsa68.com\/index.php?rest_route=\/wp\/v2\/types\/page"}],"author":[{"embeddable":true,"href":"https:\/\/imsa68.com\/index.php?rest_route=\/wp\/v2\/users\/1"}],"replies":[{"embeddable":true,"href":"https:\/\/imsa68.com\/index.php?rest_route=%2Fwp%2Fv2%2Fcomments&post=66"}],"version-history":[{"count":3,"href":"https:\/\/imsa68.com\/index.php?rest_route=\/wp\/v2\/pages\/66\/revisions"}],"predecessor-version":[{"id":212,"href":"https:\/\/imsa68.com\/index.php?rest_route=\/wp\/v2\/pages\/66\/revisions\/212"}],"wp:attachment":[{"href":"https:\/\/imsa68.com\/index.php?rest_route=%2Fwp%2Fv2%2Fmedia&parent=66"}],"curies":[{"name":"wp","href":"https:\/\/api.w.org\/{rel}","templated":true}]}}