{"id":196,"date":"2022-06-01T11:42:36","date_gmt":"2022-06-01T09:42:36","guid":{"rendered":"https:\/\/imsa68.com\/?page_id=196"},"modified":"2024-07-01T10:55:37","modified_gmt":"2024-07-01T08:55:37","slug":"choisissez-votre-site","status":"publish","type":"page","link":"https:\/\/imsa68.com\/?page_id=196","title":{"rendered":"Acc\u00e9dez \u00e0 vos r\u00e9sultats :"},"content":{"rendered":"\n<p><\/p>\n\n\n\n<p>Vous \u00eates professionnel de sant\u00e9 : <\/p>\n\n\n\n<p><a href=\"https:\/\/proimsa68-soc.nd.care\/login.php\" target=\"_blank\" rel=\"noreferrer noopener\">Connectez-vous<\/a><\/p>\n\n\n\n<p>Vos \u00eates un patient :<\/p>\n\n\n\n<p><a href=\"https:\/\/patientsimsa68-soc.nd.care\/\" target=\"_blank\" rel=\"noreferrer noopener\">Acc\u00e9dez \u00e0 vos r\u00e9sultats<\/a><\/p>\n\n\n\n<p>Vous pouvez \u00e9galement consulter le site monespacesante.fr :<\/p>\n\n\n\n<p><a href=\"https:\/\/www.monespacesante.fr\/mon-espace\" target=\"_blank\" rel=\"noreferrer noopener\">Cliquez ici pour acc\u00e9der \u00e0 votre Espace Sant\u00e9<\/a><\/p>\n\n\n\n<p><\/p>\n","protected":false},"excerpt":{"rendered":"<p>Vous \u00eates professionnel de sant\u00e9 : Connectez-vous Vos \u00eates un patient : Acc\u00e9dez \u00e0 vos r\u00e9sultats Vous pouvez \u00e9galement consulter le site monespacesante.fr : Cliquez ici pour acc\u00e9der \u00e0 votre Espace Sant\u00e9<\/p>\n","protected":false},"author":1,"featured_media":0,"parent":0,"menu_order":0,"comment_status":"closed","ping_status":"closed","template":"","meta":{"footnotes":""},"class_list":["post-196","page","type-page","status-publish","hentry"],"yoast_head":"<!-- This site is optimized with the Yoast SEO plugin v27.4 - https:\/\/yoast.com\/product\/yoast-seo-wordpress\/ -->\n<title>Acc\u00e9dez \u00e0 vos r\u00e9sultats : - Imagerie M\u00e9dicale Sud Alsace 68 Cernay-Issenheim<\/title>\n<meta name=\"robots\" content=\"index, follow, max-snippet:-1, max-image-preview:large, max-video-preview:-1\" \/>\n<link rel=\"canonical\" href=\"https:\/\/imsa68.com\/?page_id=196\" \/>\n<meta property=\"og:locale\" content=\"fr_FR\" \/>\n<meta property=\"og:type\" content=\"article\" \/>\n<meta property=\"og:title\" content=\"Acc\u00e9dez \u00e0 vos r\u00e9sultats : - Imagerie M\u00e9dicale Sud Alsace 68 Cernay-Issenheim\" \/>\n<meta property=\"og:description\" content=\"Vous \u00eates professionnel de sant\u00e9 : Connectez-vous Vos \u00eates un patient : Acc\u00e9dez \u00e0 vos r\u00e9sultats Vous pouvez \u00e9galement consulter le site monespacesante.fr : Cliquez ici pour acc\u00e9der \u00e0 votre Espace Sant\u00e9\" \/>\n<meta property=\"og:url\" content=\"https:\/\/imsa68.com\/?page_id=196\" \/>\n<meta property=\"og:site_name\" content=\"Imagerie M\u00e9dicale Sud Alsace 68 Cernay-Issenheim\" \/>\n<meta property=\"article:modified_time\" content=\"2024-07-01T08:55:37+00:00\" \/>\n<meta name=\"twitter:card\" content=\"summary_large_image\" \/>\n<meta name=\"twitter:label1\" content=\"Dur\u00e9e de lecture estim\u00e9e\" \/>\n\t<meta name=\"twitter:data1\" content=\"1 minute\" \/>\n<script type=\"application\/ld+json\" class=\"yoast-schema-graph\">{\"@context\":\"https:\\\/\\\/schema.org\",\"@graph\":[{\"@type\":\"WebPage\",\"@id\":\"https:\\\/\\\/imsa68.com\\\/?page_id=196\",\"url\":\"https:\\\/\\\/imsa68.com\\\/?page_id=196\",\"name\":\"Acc\u00e9dez \u00e0 vos r\u00e9sultats : - Imagerie M\u00e9dicale Sud Alsace 68 Cernay-Issenheim\",\"isPartOf\":{\"@id\":\"https:\\\/\\\/imsa68.com\\\/#website\"},\"datePublished\":\"2022-06-01T09:42:36+00:00\",\"dateModified\":\"2024-07-01T08:55:37+00:00\",\"breadcrumb\":{\"@id\":\"https:\\\/\\\/imsa68.com\\\/?page_id=196#breadcrumb\"},\"inLanguage\":\"fr-FR\",\"potentialAction\":[{\"@type\":\"ReadAction\",\"target\":[\"https:\\\/\\\/imsa68.com\\\/?page_id=196\"]}]},{\"@type\":\"BreadcrumbList\",\"@id\":\"https:\\\/\\\/imsa68.com\\\/?page_id=196#breadcrumb\",\"itemListElement\":[{\"@type\":\"ListItem\",\"position\":1,\"name\":\"Accueil\",\"item\":\"https:\\\/\\\/imsa68.com\\\/\"},{\"@type\":\"ListItem\",\"position\":2,\"name\":\"Acc\u00e9dez \u00e0 vos r\u00e9sultats :\"}]},{\"@type\":\"WebSite\",\"@id\":\"https:\\\/\\\/imsa68.com\\\/#website\",\"url\":\"https:\\\/\\\/imsa68.com\\\/\",\"name\":\"Imagerie M\u00e9dicale Sud Alsace 68 Cernay-Issenheim\",\"description\":\"Radiologie Cernay Issenheim, Haut-Rhin\",\"potentialAction\":[{\"@type\":\"SearchAction\",\"target\":{\"@type\":\"EntryPoint\",\"urlTemplate\":\"https:\\\/\\\/imsa68.com\\\/?s={search_term_string}\"},\"query-input\":{\"@type\":\"PropertyValueSpecification\",\"valueRequired\":true,\"valueName\":\"search_term_string\"}}],\"inLanguage\":\"fr-FR\"}]}<\/script>\n<!-- \/ Yoast SEO plugin. -->","yoast_head_json":{"title":"Acc\u00e9dez \u00e0 vos r\u00e9sultats : - Imagerie M\u00e9dicale Sud Alsace 68 Cernay-Issenheim","robots":{"index":"index","follow":"follow","max-snippet":"max-snippet:-1","max-image-preview":"max-image-preview:large","max-video-preview":"max-video-preview:-1"},"canonical":"https:\/\/imsa68.com\/?page_id=196","og_locale":"fr_FR","og_type":"article","og_title":"Acc\u00e9dez \u00e0 vos r\u00e9sultats : - Imagerie M\u00e9dicale Sud Alsace 68 Cernay-Issenheim","og_description":"Vous \u00eates professionnel de sant\u00e9 : Connectez-vous Vos \u00eates un patient : Acc\u00e9dez \u00e0 vos r\u00e9sultats Vous pouvez \u00e9galement consulter le site monespacesante.fr : Cliquez ici pour acc\u00e9der \u00e0 votre Espace Sant\u00e9","og_url":"https:\/\/imsa68.com\/?page_id=196","og_site_name":"Imagerie M\u00e9dicale Sud Alsace 68 Cernay-Issenheim","article_modified_time":"2024-07-01T08:55:37+00:00","twitter_card":"summary_large_image","twitter_misc":{"Dur\u00e9e de lecture estim\u00e9e":"1 minute"},"schema":{"@context":"https:\/\/schema.org","@graph":[{"@type":"WebPage","@id":"https:\/\/imsa68.com\/?page_id=196","url":"https:\/\/imsa68.com\/?page_id=196","name":"Acc\u00e9dez \u00e0 vos r\u00e9sultats : - Imagerie M\u00e9dicale Sud Alsace 68 Cernay-Issenheim","isPartOf":{"@id":"https:\/\/imsa68.com\/#website"},"datePublished":"2022-06-01T09:42:36+00:00","dateModified":"2024-07-01T08:55:37+00:00","breadcrumb":{"@id":"https:\/\/imsa68.com\/?page_id=196#breadcrumb"},"inLanguage":"fr-FR","potentialAction":[{"@type":"ReadAction","target":["https:\/\/imsa68.com\/?page_id=196"]}]},{"@type":"BreadcrumbList","@id":"https:\/\/imsa68.com\/?page_id=196#breadcrumb","itemListElement":[{"@type":"ListItem","position":1,"name":"Accueil","item":"https:\/\/imsa68.com\/"},{"@type":"ListItem","position":2,"name":"Acc\u00e9dez \u00e0 vos r\u00e9sultats :"}]},{"@type":"WebSite","@id":"https:\/\/imsa68.com\/#website","url":"https:\/\/imsa68.com\/","name":"Imagerie M\u00e9dicale Sud Alsace 68 Cernay-Issenheim","description":"Radiologie Cernay Issenheim, Haut-Rhin","potentialAction":[{"@type":"SearchAction","target":{"@type":"EntryPoint","urlTemplate":"https:\/\/imsa68.com\/?s={search_term_string}"},"query-input":{"@type":"PropertyValueSpecification","valueRequired":true,"valueName":"search_term_string"}}],"inLanguage":"fr-FR"}]}},"_links":{"self":[{"href":"https:\/\/imsa68.com\/index.php?rest_route=\/wp\/v2\/pages\/196","targetHints":{"allow":["GET"]}}],"collection":[{"href":"https:\/\/imsa68.com\/index.php?rest_route=\/wp\/v2\/pages"}],"about":[{"href":"https:\/\/imsa68.com\/index.php?rest_route=\/wp\/v2\/types\/page"}],"author":[{"embeddable":true,"href":"https:\/\/imsa68.com\/index.php?rest_route=\/wp\/v2\/users\/1"}],"replies":[{"embeddable":true,"href":"https:\/\/imsa68.com\/index.php?rest_route=%2Fwp%2Fv2%2Fcomments&post=196"}],"version-history":[{"count":7,"href":"https:\/\/imsa68.com\/index.php?rest_route=\/wp\/v2\/pages\/196\/revisions"}],"predecessor-version":[{"id":282,"href":"https:\/\/imsa68.com\/index.php?rest_route=\/wp\/v2\/pages\/196\/revisions\/282"}],"wp:attachment":[{"href":"https:\/\/imsa68.com\/index.php?rest_route=%2Fwp%2Fv2%2Fmedia&parent=196"}],"curies":[{"name":"wp","href":"https:\/\/api.w.org\/{rel}","templated":true}]}}