{"id":12,"date":"2021-08-12T09:30:38","date_gmt":"2021-08-12T07:30:38","guid":{"rendered":"https:\/\/imsa68.com\/?page_id=12"},"modified":"2024-09-03T17:00:35","modified_gmt":"2024-09-03T15:00:35","slug":"contact","status":"publish","type":"page","link":"https:\/\/imsa68.com\/?page_id=12","title":{"rendered":"Contact"},"content":{"rendered":"\n<p><strong>IMSA68 Cernay<\/strong><\/p>\n\n\n\n<p>7 rue de Normandie<br>68700 Cernay<\/p>\n\n\n\n<p>T\u00e9l : 03 89 39 89 79<\/p>\n\n\n\n<p>email : cernay@imsa68.com<\/p>\n\n\n\n<p><em>Du Lundi au vendredi de 07:30 \u00e0 12:00 et de 13:15 \u00e0 18:00. <\/em><\/p>\n\n\n\n<iframe src=\"https:\/\/www.google.com\/maps\/embed?pb=!1m18!1m12!1m3!1d334.9457672377416!2d7.177047270798854!3d47.79206769514106!2m3!1f0!2f0!3f0!3m2!1i1024!2i768!4f13.1!3m3!1m2!1s0x47918105009aaaab%3A0x552d6ab8bcd3f352!2sImsa%2068!5e0!3m2!1sfr!2sfr!4v1654098270131!5m2!1sfr!2sfr\" style=\"border:0;\" allowfullscreen=\"\" loading=\"lazy\" referrerpolicy=\"no-referrer-when-downgrade\" width=\"600\" height=\"450\"><\/iframe>\n\n\n\n<p><\/p>\n\n\n\n<p><\/p>\n\n\n\n<p>Et :<\/p>\n\n\n\n<p><\/p>\n\n\n\n<p><strong>IMSA68 Issenheim<\/strong><\/p>\n\n\n\n<p>Parc d\u2019Activit\u00e9 du Florival<br>Bat1<br>Rue de Soultz<br>68500 Issenheim<\/p>\n\n\n\n<p>T\u00e9l : 03 89 76 56 68<\/p>\n\n\n\n<p>email : guebwiller@imsa68.com<\/p>\n\n\n\n<p><em>Du Lundi au vendredi de 07:30 \u00e0 12:00 et de 13:15 \u00e0 18:00. <\/em><\/p>\n\n\n\n<figure class=\"wp-block-image size-full\"><img loading=\"lazy\" decoding=\"async\" width=\"640\" height=\"480\" src=\"http:\/\/imsa68.com\/wp-content\/uploads\/2022\/06\/photo-Issenheim1.jpg\" alt=\"\" class=\"wp-image-208\" srcset=\"https:\/\/imsa68.com\/wp-content\/uploads\/2022\/06\/photo-Issenheim1.jpg 640w, https:\/\/imsa68.com\/wp-content\/uploads\/2022\/06\/photo-Issenheim1-300x225.jpg 300w\" sizes=\"auto, (max-width: 640px) 100vw, 640px\" \/><\/figure>\n\n\n\n<iframe src=\"https:\/\/www.google.com\/maps\/embed?pb=!1m18!1m12!1m3!1d1337.4644668128913!2d7.232282811259832!3d47.899060784743085!2m3!1f0!2f0!3f0!3m2!1i1024!2i768!4f13.1!3m3!1m2!1s0x47917fe22d588b85%3A0x83d851d5e3dd3911!2sImsa%2068!5e0!3m2!1sfr!2sfr!4v1658323830178!5m2!1sfr!2sfr\" style=\"border:0;\" allowfullscreen=\"\" loading=\"lazy\" referrerpolicy=\"no-referrer-when-downgrade\" width=\"600\" height=\"450\"><\/iframe>\n\n\n\n<p><\/p>\n\n\n\n<p><\/p>\n\n\n\n<p><\/p>\n\n\n\n<p><\/p>\n\n\n\n<p><strong>Scanner et IRM<\/strong><\/p>\n\n\n\n<p>Les examens scanner et IRM sont r\u00e9alis\u00e9 au 24, rue des Trois Fronti\u00e8res, 68110 Illzach.<\/p>\n\n\n\n<p>Les rendez-vous sont \u00e0 prendre avec votre radiologue.<\/p>\n\n\n\n<iframe src=\"https:\/\/www.google.com\/maps\/embed?pb=!1m18!1m12!1m3!1d2681.4561891940793!2d7.389403111625565!3d47.77260158292444!2m3!1f0!2f0!3f0!3m2!1i1024!2i768!4f13.1!3m3!1m2!1s0x47919c036066a421%3A0x75f6d977f2a4ef91!2sScanner%20et%20Imagerie%20M%C3%A9dicale%20(S.C.M.)!5e0!3m2!1sfr!2sfr!4v1651149943943!5m2!1sfr!2sfr\" style=\"border:0;\" allowfullscreen=\"\" loading=\"lazy\" referrerpolicy=\"no-referrer-when-downgrade\" width=\"600\" height=\"450\"><\/iframe>\n\n\n\n<p id=\"https:\/\/goo.gl\/maps\/xTF63hqJv4fdzHHH8\"><\/p>\n\n\n\n<p>Vous pouvez nous contacter via le formulaire suivant.<\/p>\n\n\n\n<p><strong>Veuillez noter que ce formulaire ne peut servir \u00e0 des prises de rendez-vous, celles-ci se font par t\u00e9l\u00e9phone.<\/strong><\/p>\n\n\n\n<div class=\"wp-block-contact-form-7-contact-form-selector\">\n<div class=\"wpcf7 no-js\" id=\"wpcf7-f37-o1\" lang=\"fr-FR\" dir=\"ltr\" data-wpcf7-id=\"37\">\n<div class=\"screen-reader-response\"><p role=\"status\" aria-live=\"polite\" aria-atomic=\"true\"><\/p> <ul><\/ul><\/div>\n<form action=\"\/index.php?rest_route=%2Fwp%2Fv2%2Fpages%2F12#wpcf7-f37-o1\" method=\"post\" class=\"wpcf7-form init\" aria-label=\"Formulaire de contact\" novalidate=\"novalidate\" data-status=\"init\">\n<fieldset class=\"hidden-fields-container\"><input type=\"hidden\" name=\"_wpcf7\" value=\"37\" \/><input type=\"hidden\" name=\"_wpcf7_version\" value=\"6.1.5\" \/><input type=\"hidden\" name=\"_wpcf7_locale\" value=\"fr_FR\" \/><input type=\"hidden\" name=\"_wpcf7_unit_tag\" value=\"wpcf7-f37-o1\" \/><input type=\"hidden\" name=\"_wpcf7_container_post\" value=\"0\" \/><input type=\"hidden\" name=\"_wpcf7_posted_data_hash\" value=\"\" \/><input type=\"hidden\" name=\"_wpcf7_recaptcha_response\" value=\"\" \/>\n<\/fieldset>\n<p><label> Votre nom<br \/>\n<span class=\"wpcf7-form-control-wrap\" data-name=\"your-name\"><input size=\"40\" maxlength=\"400\" class=\"wpcf7-form-control wpcf7-text wpcf7-validates-as-required\" aria-required=\"true\" aria-invalid=\"false\" value=\"\" type=\"text\" name=\"your-name\" \/><\/span> <\/label>\n<\/p>\n<p><label> Votre e-mail<br \/>\n<span class=\"wpcf7-form-control-wrap\" data-name=\"your-email\"><input size=\"40\" maxlength=\"400\" class=\"wpcf7-form-control wpcf7-email wpcf7-validates-as-required wpcf7-text wpcf7-validates-as-email\" aria-required=\"true\" aria-invalid=\"false\" value=\"\" type=\"email\" name=\"your-email\" \/><\/span> <\/label>\n<\/p>\n<p><label> Objet<br \/>\n<span class=\"wpcf7-form-control-wrap\" data-name=\"your-subject\"><input size=\"40\" maxlength=\"400\" class=\"wpcf7-form-control wpcf7-text wpcf7-validates-as-required\" aria-required=\"true\" aria-invalid=\"false\" value=\"\" type=\"text\" name=\"your-subject\" \/><\/span> <\/label>\n<\/p>\n<p><label> Votre message (facultatif)<br \/>\n<span class=\"wpcf7-form-control-wrap\" data-name=\"your-message\"><textarea cols=\"40\" rows=\"10\" maxlength=\"2000\" class=\"wpcf7-form-control wpcf7-textarea\" aria-invalid=\"false\" name=\"your-message\"><\/textarea><\/span> <\/label>\n<\/p>\n<p><input class=\"wpcf7-form-control wpcf7-submit has-spinner\" type=\"submit\" value=\"Envoyer\" \/>\n<\/p><div class=\"wpcf7-response-output\" aria-hidden=\"true\"><\/div>\n<\/form>\n<\/div>\n<\/div>\n","protected":false},"excerpt":{"rendered":"<p>IMSA68 Cernay 7 rue de Normandie68700 Cernay T\u00e9l : 03 89 39 89 79 email : cernay@imsa68.com Du Lundi au vendredi de 07:30 \u00e0 12:00 et de 13:15 \u00e0 18:00. Et : IMSA68 Issenheim Parc d\u2019Activit\u00e9 du FlorivalBat1Rue de Soultz68500 Issenheim T\u00e9l : 03 89 76 56 68 email : guebwiller@imsa68.com Du Lundi au vendredi [&hellip;]<\/p>\n","protected":false},"author":1,"featured_media":0,"parent":0,"menu_order":0,"comment_status":"closed","ping_status":"closed","template":"","meta":{"footnotes":""},"class_list":["post-12","page","type-page","status-publish","hentry"],"yoast_head":"<!-- This site is optimized with the Yoast SEO plugin v27.4 - https:\/\/yoast.com\/product\/yoast-seo-wordpress\/ -->\n<title>Contact - Imagerie M\u00e9dicale Sud Alsace 68 Cernay-Issenheim<\/title>\n<meta name=\"robots\" content=\"index, follow, max-snippet:-1, max-image-preview:large, max-video-preview:-1\" \/>\n<link rel=\"canonical\" href=\"https:\/\/imsa68.com\/?page_id=12\" \/>\n<meta property=\"og:locale\" content=\"fr_FR\" \/>\n<meta property=\"og:type\" content=\"article\" \/>\n<meta property=\"og:title\" content=\"Contact - Imagerie M\u00e9dicale Sud Alsace 68 Cernay-Issenheim\" \/>\n<meta property=\"og:description\" content=\"IMSA68 Cernay 7 rue de Normandie68700 Cernay T\u00e9l : 03 89 39 89 79 email : cernay@imsa68.com Du Lundi au vendredi de 07:30 \u00e0 12:00 et de 13:15 \u00e0 18:00. Et : IMSA68 Issenheim Parc d\u2019Activit\u00e9 du FlorivalBat1Rue de Soultz68500 Issenheim T\u00e9l : 03 89 76 56 68 email : guebwiller@imsa68.com Du Lundi au vendredi [&hellip;]\" \/>\n<meta property=\"og:url\" content=\"https:\/\/imsa68.com\/?page_id=12\" \/>\n<meta property=\"og:site_name\" content=\"Imagerie M\u00e9dicale Sud Alsace 68 Cernay-Issenheim\" \/>\n<meta property=\"article:modified_time\" content=\"2024-09-03T15:00:35+00:00\" \/>\n<meta property=\"og:image\" content=\"http:\/\/imsa68.com\/wp-content\/uploads\/2022\/06\/photo-Issenheim1.jpg\" \/>\n<meta name=\"twitter:card\" content=\"summary_large_image\" \/>\n<meta name=\"twitter:label1\" content=\"Dur\u00e9e de lecture estim\u00e9e\" \/>\n\t<meta name=\"twitter:data1\" content=\"1 minute\" \/>\n<script type=\"application\/ld+json\" class=\"yoast-schema-graph\">{\"@context\":\"https:\\\/\\\/schema.org\",\"@graph\":[{\"@type\":\"WebPage\",\"@id\":\"https:\\\/\\\/imsa68.com\\\/?page_id=12\",\"url\":\"https:\\\/\\\/imsa68.com\\\/?page_id=12\",\"name\":\"Contact - Imagerie M\u00e9dicale Sud Alsace 68 Cernay-Issenheim\",\"isPartOf\":{\"@id\":\"https:\\\/\\\/imsa68.com\\\/#website\"},\"primaryImageOfPage\":{\"@id\":\"https:\\\/\\\/imsa68.com\\\/?page_id=12#primaryimage\"},\"image\":{\"@id\":\"https:\\\/\\\/imsa68.com\\\/?page_id=12#primaryimage\"},\"thumbnailUrl\":\"http:\\\/\\\/imsa68.com\\\/wp-content\\\/uploads\\\/2022\\\/06\\\/photo-Issenheim1.jpg\",\"datePublished\":\"2021-08-12T07:30:38+00:00\",\"dateModified\":\"2024-09-03T15:00:35+00:00\",\"breadcrumb\":{\"@id\":\"https:\\\/\\\/imsa68.com\\\/?page_id=12#breadcrumb\"},\"inLanguage\":\"fr-FR\",\"potentialAction\":[{\"@type\":\"ReadAction\",\"target\":[\"https:\\\/\\\/imsa68.com\\\/?page_id=12\"]}]},{\"@type\":\"ImageObject\",\"inLanguage\":\"fr-FR\",\"@id\":\"https:\\\/\\\/imsa68.com\\\/?page_id=12#primaryimage\",\"url\":\"https:\\\/\\\/imsa68.com\\\/wp-content\\\/uploads\\\/2022\\\/06\\\/photo-Issenheim1.jpg\",\"contentUrl\":\"https:\\\/\\\/imsa68.com\\\/wp-content\\\/uploads\\\/2022\\\/06\\\/photo-Issenheim1.jpg\",\"width\":640,\"height\":480},{\"@type\":\"BreadcrumbList\",\"@id\":\"https:\\\/\\\/imsa68.com\\\/?page_id=12#breadcrumb\",\"itemListElement\":[{\"@type\":\"ListItem\",\"position\":1,\"name\":\"Accueil\",\"item\":\"https:\\\/\\\/imsa68.com\\\/\"},{\"@type\":\"ListItem\",\"position\":2,\"name\":\"Contact\"}]},{\"@type\":\"WebSite\",\"@id\":\"https:\\\/\\\/imsa68.com\\\/#website\",\"url\":\"https:\\\/\\\/imsa68.com\\\/\",\"name\":\"Imagerie M\u00e9dicale Sud Alsace 68 Cernay-Issenheim\",\"description\":\"Radiologie Cernay Issenheim, Haut-Rhin\",\"potentialAction\":[{\"@type\":\"SearchAction\",\"target\":{\"@type\":\"EntryPoint\",\"urlTemplate\":\"https:\\\/\\\/imsa68.com\\\/?s={search_term_string}\"},\"query-input\":{\"@type\":\"PropertyValueSpecification\",\"valueRequired\":true,\"valueName\":\"search_term_string\"}}],\"inLanguage\":\"fr-FR\"}]}<\/script>\n<!-- \/ Yoast SEO plugin. -->","yoast_head_json":{"title":"Contact - Imagerie M\u00e9dicale Sud Alsace 68 Cernay-Issenheim","robots":{"index":"index","follow":"follow","max-snippet":"max-snippet:-1","max-image-preview":"max-image-preview:large","max-video-preview":"max-video-preview:-1"},"canonical":"https:\/\/imsa68.com\/?page_id=12","og_locale":"fr_FR","og_type":"article","og_title":"Contact - Imagerie M\u00e9dicale Sud Alsace 68 Cernay-Issenheim","og_description":"IMSA68 Cernay 7 rue de Normandie68700 Cernay T\u00e9l : 03 89 39 89 79 email : cernay@imsa68.com Du Lundi au vendredi de 07:30 \u00e0 12:00 et de 13:15 \u00e0 18:00. Et : IMSA68 Issenheim Parc d\u2019Activit\u00e9 du FlorivalBat1Rue de Soultz68500 Issenheim T\u00e9l : 03 89 76 56 68 email : guebwiller@imsa68.com Du Lundi au vendredi [&hellip;]","og_url":"https:\/\/imsa68.com\/?page_id=12","og_site_name":"Imagerie M\u00e9dicale Sud Alsace 68 Cernay-Issenheim","article_modified_time":"2024-09-03T15:00:35+00:00","og_image":[{"url":"http:\/\/imsa68.com\/wp-content\/uploads\/2022\/06\/photo-Issenheim1.jpg","type":"","width":"","height":""}],"twitter_card":"summary_large_image","twitter_misc":{"Dur\u00e9e de lecture estim\u00e9e":"1 minute"},"schema":{"@context":"https:\/\/schema.org","@graph":[{"@type":"WebPage","@id":"https:\/\/imsa68.com\/?page_id=12","url":"https:\/\/imsa68.com\/?page_id=12","name":"Contact - Imagerie M\u00e9dicale Sud Alsace 68 Cernay-Issenheim","isPartOf":{"@id":"https:\/\/imsa68.com\/#website"},"primaryImageOfPage":{"@id":"https:\/\/imsa68.com\/?page_id=12#primaryimage"},"image":{"@id":"https:\/\/imsa68.com\/?page_id=12#primaryimage"},"thumbnailUrl":"http:\/\/imsa68.com\/wp-content\/uploads\/2022\/06\/photo-Issenheim1.jpg","datePublished":"2021-08-12T07:30:38+00:00","dateModified":"2024-09-03T15:00:35+00:00","breadcrumb":{"@id":"https:\/\/imsa68.com\/?page_id=12#breadcrumb"},"inLanguage":"fr-FR","potentialAction":[{"@type":"ReadAction","target":["https:\/\/imsa68.com\/?page_id=12"]}]},{"@type":"ImageObject","inLanguage":"fr-FR","@id":"https:\/\/imsa68.com\/?page_id=12#primaryimage","url":"https:\/\/imsa68.com\/wp-content\/uploads\/2022\/06\/photo-Issenheim1.jpg","contentUrl":"https:\/\/imsa68.com\/wp-content\/uploads\/2022\/06\/photo-Issenheim1.jpg","width":640,"height":480},{"@type":"BreadcrumbList","@id":"https:\/\/imsa68.com\/?page_id=12#breadcrumb","itemListElement":[{"@type":"ListItem","position":1,"name":"Accueil","item":"https:\/\/imsa68.com\/"},{"@type":"ListItem","position":2,"name":"Contact"}]},{"@type":"WebSite","@id":"https:\/\/imsa68.com\/#website","url":"https:\/\/imsa68.com\/","name":"Imagerie M\u00e9dicale Sud Alsace 68 Cernay-Issenheim","description":"Radiologie Cernay Issenheim, Haut-Rhin","potentialAction":[{"@type":"SearchAction","target":{"@type":"EntryPoint","urlTemplate":"https:\/\/imsa68.com\/?s={search_term_string}"},"query-input":{"@type":"PropertyValueSpecification","valueRequired":true,"valueName":"search_term_string"}}],"inLanguage":"fr-FR"}]}},"_links":{"self":[{"href":"https:\/\/imsa68.com\/index.php?rest_route=\/wp\/v2\/pages\/12","targetHints":{"allow":["GET"]}}],"collection":[{"href":"https:\/\/imsa68.com\/index.php?rest_route=\/wp\/v2\/pages"}],"about":[{"href":"https:\/\/imsa68.com\/index.php?rest_route=\/wp\/v2\/types\/page"}],"author":[{"embeddable":true,"href":"https:\/\/imsa68.com\/index.php?rest_route=\/wp\/v2\/users\/1"}],"replies":[{"embeddable":true,"href":"https:\/\/imsa68.com\/index.php?rest_route=%2Fwp%2Fv2%2Fcomments&post=12"}],"version-history":[{"count":27,"href":"https:\/\/imsa68.com\/index.php?rest_route=\/wp\/v2\/pages\/12\/revisions"}],"predecessor-version":[{"id":286,"href":"https:\/\/imsa68.com\/index.php?rest_route=\/wp\/v2\/pages\/12\/revisions\/286"}],"wp:attachment":[{"href":"https:\/\/imsa68.com\/index.php?rest_route=%2Fwp%2Fv2%2Fmedia&parent=12"}],"curies":[{"name":"wp","href":"https:\/\/api.w.org\/{rel}","templated":true}]}}