{"id":10,"date":"2021-08-12T09:30:38","date_gmt":"2021-08-12T07:30:38","guid":{"rendered":"https:\/\/imsa68.com\/?page_id=10"},"modified":"2023-09-22T10:43:21","modified_gmt":"2023-09-22T08:43:21","slug":"creez-votre-site-avec-des-blocs","status":"publish","type":"page","link":"https:\/\/imsa68.com\/","title":{"rendered":"Imagerie M\u00e9dicale Sud Alsace 68 Cernay-Issenheim"},"content":{"rendered":"\n<ul class=\"wp-block-list\">\n<li>Radiographies<\/li>\n\n\n\n<li>\u00c9chographies<\/li>\n\n\n\n<li>Mammographies<\/li>\n\n\n\n<li>Scanner et IRM<\/li>\n\n\n\n<li>Imagerie dentaire CBCT<\/li>\n\n\n\n<li>Imagerie interventionnelle<\/li>\n\n\n\n<li>Ost\u00e9odensitom\u00e9tries<\/li>\n\n\n\n<li>Imagerie contrast\u00e9e<\/li>\n<\/ul>\n\n\n\n<div class=\"wp-block-columns alignwide are-vertically-aligned-center is-style-twentytwentyone-columns-overlap is-layout-flex wp-container-core-columns-is-layout-9d6595d7 wp-block-columns-is-layout-flex\">\n<div class=\"wp-block-column is-vertically-aligned-center is-layout-flow wp-block-column-is-layout-flow\">\n<div class=\"wp-block-buttons is-horizontal is-content-justification-right is-nowrap is-layout-flex wp-container-core-buttons-is-layout-7d91731e wp-block-buttons-is-layout-flex\">\n<div class=\"wp-block-button\"><a class=\"wp-block-button__link wp-element-button\" href=\"https:\/\/imsa68.com\/?page_id=196\">Consultez vos r\u00e9sultats<\/a><\/div>\n<\/div>\n<\/div>\n\n\n\n<div class=\"wp-block-column is-vertically-aligned-center is-layout-flow wp-block-column-is-layout-flow\">\n<figure class=\"wp-block-image size-full\"><img loading=\"lazy\" decoding=\"async\" width=\"605\" height=\"454\" src=\"http:\/\/imsa68.com\/wp-content\/uploads\/2022\/06\/Photo_comptoir_Issenheim_30pc.jpg\" alt=\"\" class=\"wp-image-215\" srcset=\"https:\/\/imsa68.com\/wp-content\/uploads\/2022\/06\/Photo_comptoir_Issenheim_30pc.jpg 605w, https:\/\/imsa68.com\/wp-content\/uploads\/2022\/06\/Photo_comptoir_Issenheim_30pc-300x225.jpg 300w\" sizes=\"auto, (max-width: 605px) 100vw, 605px\" \/><\/figure>\n<\/div>\n<\/div>\n\n\n\n<p>Nos radiologues vous accueillent au c\u0153ur du Haut-Rhin sur nos sites de Cernay et d&rsquo;Issenheim pour tous vos examens d&rsquo;imagerie m\u00e9dicale.<\/p>\n","protected":false},"excerpt":{"rendered":"<p>Nos radiologues vous accueillent au c\u0153ur du Haut-Rhin sur nos sites de Cernay et d&rsquo;Issenheim pour tous vos examens d&rsquo;imagerie m\u00e9dicale.<\/p>\n","protected":false},"author":1,"featured_media":0,"parent":0,"menu_order":0,"comment_status":"closed","ping_status":"closed","template":"","meta":{"footnotes":""},"class_list":["post-10","page","type-page","status-publish","hentry"],"yoast_head":"<!-- This site is optimized with the Yoast SEO plugin v27.4 - https:\/\/yoast.com\/product\/yoast-seo-wordpress\/ -->\n<title>Imagerie M\u00e9dicale Sud Alsace 68 Cernay-Issenheim - Imagerie M\u00e9dicale Sud Alsace 68 Cernay-Issenheim<\/title>\n<meta name=\"description\" content=\"Centre de radiologie imagerie m\u00e9dicale du Haut-Rhin, Cernay Issenheim, proche Guebwiller, Rouffach\" \/>\n<meta name=\"robots\" content=\"index, follow, max-snippet:-1, max-image-preview:large, max-video-preview:-1\" \/>\n<link rel=\"canonical\" href=\"https:\/\/imsa68.com\/\" \/>\n<meta property=\"og:locale\" content=\"fr_FR\" \/>\n<meta property=\"og:type\" content=\"article\" \/>\n<meta property=\"og:title\" content=\"Imagerie M\u00e9dicale Sud Alsace 68 Cernay-Issenheim - Imagerie M\u00e9dicale Sud Alsace 68 Cernay-Issenheim\" \/>\n<meta property=\"og:description\" content=\"Centre de radiologie imagerie m\u00e9dicale du Haut-Rhin, Cernay Issenheim, proche Guebwiller, Rouffach\" \/>\n<meta property=\"og:url\" content=\"https:\/\/imsa68.com\/\" \/>\n<meta property=\"og:site_name\" content=\"Imagerie M\u00e9dicale Sud Alsace 68 Cernay-Issenheim\" \/>\n<meta property=\"article:modified_time\" content=\"2023-09-22T08:43:21+00:00\" \/>\n<meta property=\"og:image\" content=\"http:\/\/imsa68.com\/wp-content\/uploads\/2022\/06\/Photo_comptoir_Issenheim_30pc.jpg\" \/>\n<meta name=\"twitter:card\" content=\"summary_large_image\" \/>\n<meta name=\"twitter:label1\" content=\"Dur\u00e9e de lecture estim\u00e9e\" \/>\n\t<meta name=\"twitter:data1\" content=\"1 minute\" \/>\n<script type=\"application\/ld+json\" class=\"yoast-schema-graph\">{\"@context\":\"https:\\\/\\\/schema.org\",\"@graph\":[{\"@type\":\"WebPage\",\"@id\":\"https:\\\/\\\/imsa68.com\\\/\",\"url\":\"https:\\\/\\\/imsa68.com\\\/\",\"name\":\"Imagerie M\u00e9dicale Sud Alsace 68 Cernay-Issenheim - Imagerie M\u00e9dicale Sud Alsace 68 Cernay-Issenheim\",\"isPartOf\":{\"@id\":\"https:\\\/\\\/imsa68.com\\\/#website\"},\"primaryImageOfPage\":{\"@id\":\"https:\\\/\\\/imsa68.com\\\/#primaryimage\"},\"image\":{\"@id\":\"https:\\\/\\\/imsa68.com\\\/#primaryimage\"},\"thumbnailUrl\":\"http:\\\/\\\/imsa68.com\\\/wp-content\\\/uploads\\\/2022\\\/06\\\/Photo_comptoir_Issenheim_30pc.jpg\",\"datePublished\":\"2021-08-12T07:30:38+00:00\",\"dateModified\":\"2023-09-22T08:43:21+00:00\",\"description\":\"Centre de radiologie imagerie m\u00e9dicale du Haut-Rhin, Cernay Issenheim, proche Guebwiller, Rouffach\",\"breadcrumb\":{\"@id\":\"https:\\\/\\\/imsa68.com\\\/#breadcrumb\"},\"inLanguage\":\"fr-FR\",\"potentialAction\":[{\"@type\":\"ReadAction\",\"target\":[\"https:\\\/\\\/imsa68.com\\\/\"]}]},{\"@type\":\"ImageObject\",\"inLanguage\":\"fr-FR\",\"@id\":\"https:\\\/\\\/imsa68.com\\\/#primaryimage\",\"url\":\"https:\\\/\\\/imsa68.com\\\/wp-content\\\/uploads\\\/2022\\\/06\\\/Photo_comptoir_Issenheim_30pc.jpg\",\"contentUrl\":\"https:\\\/\\\/imsa68.com\\\/wp-content\\\/uploads\\\/2022\\\/06\\\/Photo_comptoir_Issenheim_30pc.jpg\",\"width\":605,\"height\":454},{\"@type\":\"BreadcrumbList\",\"@id\":\"https:\\\/\\\/imsa68.com\\\/#breadcrumb\",\"itemListElement\":[{\"@type\":\"ListItem\",\"position\":1,\"name\":\"Accueil\",\"item\":\"https:\\\/\\\/imsa68.com\\\/\"},{\"@type\":\"ListItem\",\"position\":2,\"name\":\"Imagerie M\u00e9dicale Sud Alsace 68 Cernay-Issenheim\"}]},{\"@type\":\"WebSite\",\"@id\":\"https:\\\/\\\/imsa68.com\\\/#website\",\"url\":\"https:\\\/\\\/imsa68.com\\\/\",\"name\":\"Imagerie M\u00e9dicale Sud Alsace 68 Cernay-Issenheim\",\"description\":\"Radiologie Cernay Issenheim, Haut-Rhin\",\"potentialAction\":[{\"@type\":\"SearchAction\",\"target\":{\"@type\":\"EntryPoint\",\"urlTemplate\":\"https:\\\/\\\/imsa68.com\\\/?s={search_term_string}\"},\"query-input\":{\"@type\":\"PropertyValueSpecification\",\"valueRequired\":true,\"valueName\":\"search_term_string\"}}],\"inLanguage\":\"fr-FR\"}]}<\/script>\n<!-- \/ Yoast SEO plugin. -->","yoast_head_json":{"title":"Imagerie M\u00e9dicale Sud Alsace 68 Cernay-Issenheim - Imagerie M\u00e9dicale Sud Alsace 68 Cernay-Issenheim","description":"Centre de radiologie imagerie m\u00e9dicale du Haut-Rhin, Cernay Issenheim, proche Guebwiller, Rouffach","robots":{"index":"index","follow":"follow","max-snippet":"max-snippet:-1","max-image-preview":"max-image-preview:large","max-video-preview":"max-video-preview:-1"},"canonical":"https:\/\/imsa68.com\/","og_locale":"fr_FR","og_type":"article","og_title":"Imagerie M\u00e9dicale Sud Alsace 68 Cernay-Issenheim - Imagerie M\u00e9dicale Sud Alsace 68 Cernay-Issenheim","og_description":"Centre de radiologie imagerie m\u00e9dicale du Haut-Rhin, Cernay Issenheim, proche Guebwiller, Rouffach","og_url":"https:\/\/imsa68.com\/","og_site_name":"Imagerie M\u00e9dicale Sud Alsace 68 Cernay-Issenheim","article_modified_time":"2023-09-22T08:43:21+00:00","og_image":[{"url":"http:\/\/imsa68.com\/wp-content\/uploads\/2022\/06\/Photo_comptoir_Issenheim_30pc.jpg","type":"","width":"","height":""}],"twitter_card":"summary_large_image","twitter_misc":{"Dur\u00e9e de lecture estim\u00e9e":"1 minute"},"schema":{"@context":"https:\/\/schema.org","@graph":[{"@type":"WebPage","@id":"https:\/\/imsa68.com\/","url":"https:\/\/imsa68.com\/","name":"Imagerie M\u00e9dicale Sud Alsace 68 Cernay-Issenheim - Imagerie M\u00e9dicale Sud Alsace 68 Cernay-Issenheim","isPartOf":{"@id":"https:\/\/imsa68.com\/#website"},"primaryImageOfPage":{"@id":"https:\/\/imsa68.com\/#primaryimage"},"image":{"@id":"https:\/\/imsa68.com\/#primaryimage"},"thumbnailUrl":"http:\/\/imsa68.com\/wp-content\/uploads\/2022\/06\/Photo_comptoir_Issenheim_30pc.jpg","datePublished":"2021-08-12T07:30:38+00:00","dateModified":"2023-09-22T08:43:21+00:00","description":"Centre de radiologie imagerie m\u00e9dicale du Haut-Rhin, Cernay Issenheim, proche Guebwiller, Rouffach","breadcrumb":{"@id":"https:\/\/imsa68.com\/#breadcrumb"},"inLanguage":"fr-FR","potentialAction":[{"@type":"ReadAction","target":["https:\/\/imsa68.com\/"]}]},{"@type":"ImageObject","inLanguage":"fr-FR","@id":"https:\/\/imsa68.com\/#primaryimage","url":"https:\/\/imsa68.com\/wp-content\/uploads\/2022\/06\/Photo_comptoir_Issenheim_30pc.jpg","contentUrl":"https:\/\/imsa68.com\/wp-content\/uploads\/2022\/06\/Photo_comptoir_Issenheim_30pc.jpg","width":605,"height":454},{"@type":"BreadcrumbList","@id":"https:\/\/imsa68.com\/#breadcrumb","itemListElement":[{"@type":"ListItem","position":1,"name":"Accueil","item":"https:\/\/imsa68.com\/"},{"@type":"ListItem","position":2,"name":"Imagerie M\u00e9dicale Sud Alsace 68 Cernay-Issenheim"}]},{"@type":"WebSite","@id":"https:\/\/imsa68.com\/#website","url":"https:\/\/imsa68.com\/","name":"Imagerie M\u00e9dicale Sud Alsace 68 Cernay-Issenheim","description":"Radiologie Cernay Issenheim, Haut-Rhin","potentialAction":[{"@type":"SearchAction","target":{"@type":"EntryPoint","urlTemplate":"https:\/\/imsa68.com\/?s={search_term_string}"},"query-input":{"@type":"PropertyValueSpecification","valueRequired":true,"valueName":"search_term_string"}}],"inLanguage":"fr-FR"}]}},"_links":{"self":[{"href":"https:\/\/imsa68.com\/index.php?rest_route=\/wp\/v2\/pages\/10","targetHints":{"allow":["GET"]}}],"collection":[{"href":"https:\/\/imsa68.com\/index.php?rest_route=\/wp\/v2\/pages"}],"about":[{"href":"https:\/\/imsa68.com\/index.php?rest_route=\/wp\/v2\/types\/page"}],"author":[{"embeddable":true,"href":"https:\/\/imsa68.com\/index.php?rest_route=\/wp\/v2\/users\/1"}],"replies":[{"embeddable":true,"href":"https:\/\/imsa68.com\/index.php?rest_route=%2Fwp%2Fv2%2Fcomments&post=10"}],"version-history":[{"count":36,"href":"https:\/\/imsa68.com\/index.php?rest_route=\/wp\/v2\/pages\/10\/revisions"}],"predecessor-version":[{"id":275,"href":"https:\/\/imsa68.com\/index.php?rest_route=\/wp\/v2\/pages\/10\/revisions\/275"}],"wp:attachment":[{"href":"https:\/\/imsa68.com\/index.php?rest_route=%2Fwp%2Fv2%2Fmedia&parent=10"}],"curies":[{"name":"wp","href":"https:\/\/api.w.org\/{rel}","templated":true}]}}